{"id":20,"date":"2024-12-24T17:04:57","date_gmt":"2024-12-24T16:04:57","guid":{"rendered":"https:\/\/e-mtiaz.com\/elkhattabi\/?page_id=20"},"modified":"2025-01-31T22:48:33","modified_gmt":"2025-01-31T21:48:33","slug":"environnement","status":"publish","type":"page","link":"https:\/\/e-mtiaz.com\/elkhattabi\/environnement\/","title":{"rendered":"ENVIRONNEMENT"},"content":{"rendered":"\t\t<div data-elementor-type=\"wp-page\" data-elementor-id=\"20\" class=\"elementor elementor-20\">\n\t\t\t\t<div class=\"elementor-element elementor-element-843b593 e-flex e-con-boxed e-con e-parent\" data-id=\"843b593\" data-element_type=\"container\">\n\t\t\t\t\t<div class=\"e-con-inner\">\n\t\t\t\t<div class=\"elementor-element elementor-element-8e35f58 elementor-widget elementor-widget-heading\" data-id=\"8e35f58\" data-element_type=\"widget\" data-widget_type=\"heading.default\">\n\t\t\t\t<div class=\"elementor-widget-container\">\n\t\t\t\t\t<h2 class=\"elementor-heading-title elementor-size-default\">L'environnement, c'est quoi ?<\/h2>\t\t\t\t<\/div>\n\t\t\t\t<\/div>\n\t\t\t\t\t<\/div>\n\t\t\t\t<\/div>\n\t\t<div class=\"elementor-element elementor-element-554d1b6 e-flex e-con-boxed e-con e-parent\" data-id=\"554d1b6\" data-element_type=\"container\">\n\t\t\t\t\t<div class=\"e-con-inner\">\n\t\t\t\t<div class=\"elementor-element elementor-element-8c74267 elementor-widget elementor-widget-text-editor\" data-id=\"8c74267\" data-element_type=\"widget\" data-widget_type=\"text-editor.default\">\n\t\t\t\t<div class=\"elementor-widget-container\">\n\t\t\t\t\t\t\t\t\t<p>L&rsquo;environnement est tout ce qui nous entoure : l&rsquo;air, l&rsquo;eau, la terre, les plantes, les animaux et m\u00eame les \u00eatres humains.\u00a0<\/p>\t\t\t\t\t\t\t\t<\/div>\n\t\t\t\t<\/div>\n\t\t\t\t\t<\/div>\n\t\t\t\t<\/div>\n\t\t<div class=\"elementor-element elementor-element-b523a8c e-flex e-con-boxed e-con e-parent\" data-id=\"b523a8c\" data-element_type=\"container\">\n\t\t\t\t\t<div class=\"e-con-inner\">\n\t\t\t\t<div class=\"elementor-element elementor-element-8c4a1ba elementor-widget elementor-widget-heading\" data-id=\"8c4a1ba\" data-element_type=\"widget\" data-widget_type=\"heading.default\">\n\t\t\t\t<div class=\"elementor-widget-container\">\n\t\t\t\t\t<h2 class=\"elementor-heading-title elementor-size-default\">La pollution ?<\/h2>\t\t\t\t<\/div>\n\t\t\t\t<\/div>\n\t\t\t\t\t<\/div>\n\t\t\t\t<\/div>\n\t\t<div class=\"elementor-element elementor-element-5f646aa e-flex e-con-boxed e-con e-parent\" data-id=\"5f646aa\" data-element_type=\"container\">\n\t\t\t\t\t<div class=\"e-con-inner\">\n\t\t\t\t<div class=\"elementor-element elementor-element-890204e elementor-widget elementor-widget-text-editor\" data-id=\"890204e\" data-element_type=\"widget\" data-widget_type=\"text-editor.default\">\n\t\t\t\t<div class=\"elementor-widget-container\">\n\t\t\t\t\t\t\t\t\t<p>La pollution est la contamination de l&rsquo;air, de l&rsquo;eau et des sols par des substances nocives. Elle peut provenir de diverses sources, comme les usines, les voitures, les d\u00e9chets et m\u00eame certaines activit\u00e9s domestiques.<\/p>\t\t\t\t\t\t\t\t<\/div>\n\t\t\t\t<\/div>\n\t\t\t\t\t<\/div>\n\t\t\t\t<\/div>\n\t\t<div class=\"elementor-element elementor-element-f8bf3c2 e-flex e-con-boxed e-con e-parent\" data-id=\"f8bf3c2\" data-element_type=\"container\">\n\t\t\t\t\t<div class=\"e-con-inner\">\n\t\t<div class=\"elementor-element elementor-element-43a9ca8 e-con-full e-flex e-con e-child\" data-id=\"43a9ca8\" data-element_type=\"container\">\n\t\t\t\t<div class=\"elementor-element elementor-element-a7d4675 elementor-widget elementor-widget-image\" data-id=\"a7d4675\" data-element_type=\"widget\" data-widget_type=\"image.default\">\n\t\t\t\t<div class=\"elementor-widget-container\">\n\t\t\t\t\t\t\t\t\t\t\t\t\t\t\t<img fetchpriority=\"high\" decoding=\"async\" width=\"450\" height=\"261\" src=\"https:\/\/e-mtiaz.com\/elkhattabi\/wp-content\/uploads\/2025\/01\/194609630-les-vaches-mangent-de-la-nourriture-dans-une-decharge-a-ordures-des-copeaux-de-vache-de-la.jpg\" class=\"attachment-large size-large wp-image-436\" alt=\"\" srcset=\"https:\/\/e-mtiaz.com\/elkhattabi\/wp-content\/uploads\/2025\/01\/194609630-les-vaches-mangent-de-la-nourriture-dans-une-decharge-a-ordures-des-copeaux-de-vache-de-la.jpg 450w, https:\/\/e-mtiaz.com\/elkhattabi\/wp-content\/uploads\/2025\/01\/194609630-les-vaches-mangent-de-la-nourriture-dans-une-decharge-a-ordures-des-copeaux-de-vache-de-la-300x174.jpg 300w\" sizes=\"(max-width: 450px) 100vw, 450px\" \/>\t\t\t\t\t\t\t\t\t\t\t\t\t\t\t<\/div>\n\t\t\t\t<\/div>\n\t\t\t\t<\/div>\n\t\t<div class=\"elementor-element elementor-element-b89f860 e-con-full e-flex e-con e-child\" data-id=\"b89f860\" data-element_type=\"container\">\n\t\t\t\t<div class=\"elementor-element elementor-element-bbb9575 elementor-widget elementor-widget-image\" data-id=\"bbb9575\" data-element_type=\"widget\" data-widget_type=\"image.default\">\n\t\t\t\t<div class=\"elementor-widget-container\">\n\t\t\t\t\t\t\t\t\t\t\t\t\t\t\t<img decoding=\"async\" width=\"640\" height=\"400\" src=\"https:\/\/e-mtiaz.com\/elkhattabi\/wp-content\/uploads\/2025\/01\/NmY1MjllZjgtYjk2Yi00MjQwLWFlYzMtZjk5NTMwOGZjM2Fk_63404012711989ea3a593c0a_pollution-air-chiffres-consequences-solutions.jpg\" class=\"attachment-large size-large wp-image-435\" alt=\"\" srcset=\"https:\/\/e-mtiaz.com\/elkhattabi\/wp-content\/uploads\/2025\/01\/NmY1MjllZjgtYjk2Yi00MjQwLWFlYzMtZjk5NTMwOGZjM2Fk_63404012711989ea3a593c0a_pollution-air-chiffres-consequences-solutions.jpg 640w, https:\/\/e-mtiaz.com\/elkhattabi\/wp-content\/uploads\/2025\/01\/NmY1MjllZjgtYjk2Yi00MjQwLWFlYzMtZjk5NTMwOGZjM2Fk_63404012711989ea3a593c0a_pollution-air-chiffres-consequences-solutions-300x188.jpg 300w\" sizes=\"(max-width: 640px) 100vw, 640px\" \/>\t\t\t\t\t\t\t\t\t\t\t\t\t\t\t<\/div>\n\t\t\t\t<\/div>\n\t\t\t\t<\/div>\n\t\t<div class=\"elementor-element elementor-element-1babf1c e-con-full e-flex e-con e-child\" data-id=\"1babf1c\" data-element_type=\"container\">\n\t\t\t\t<\/div>\n\t\t<div class=\"elementor-element elementor-element-28ef231 e-con-full e-flex e-con e-child\" data-id=\"28ef231\" data-element_type=\"container\">\n\t\t\t\t<\/div>\n\t\t\t\t\t<\/div>\n\t\t\t\t<\/div>\n\t\t<div class=\"elementor-element elementor-element-5577cda e-flex e-con-boxed e-con e-parent\" data-id=\"5577cda\" data-element_type=\"container\">\n\t\t\t\t\t<div class=\"e-con-inner\">\n\t\t\t\t<div class=\"elementor-element elementor-element-a5bf79d elementor-widget elementor-widget-image\" data-id=\"a5bf79d\" data-element_type=\"widget\" data-widget_type=\"image.default\">\n\t\t\t\t<div class=\"elementor-widget-container\">\n\t\t\t\t\t\t\t\t\t\t\t\t\t\t\t<img decoding=\"async\" width=\"640\" height=\"366\" src=\"https:\/\/e-mtiaz.com\/elkhattabi\/wp-content\/uploads\/2025\/01\/bc26bd93-3c75-4da2-892c-a3f77d1ca5cb-1024x585-1.webp\" class=\"attachment-large size-large wp-image-439\" alt=\"\" srcset=\"https:\/\/e-mtiaz.com\/elkhattabi\/wp-content\/uploads\/2025\/01\/bc26bd93-3c75-4da2-892c-a3f77d1ca5cb-1024x585-1.webp 1024w, https:\/\/e-mtiaz.com\/elkhattabi\/wp-content\/uploads\/2025\/01\/bc26bd93-3c75-4da2-892c-a3f77d1ca5cb-1024x585-1-300x171.webp 300w, https:\/\/e-mtiaz.com\/elkhattabi\/wp-content\/uploads\/2025\/01\/bc26bd93-3c75-4da2-892c-a3f77d1ca5cb-1024x585-1-768x439.webp 768w\" sizes=\"(max-width: 640px) 100vw, 640px\" \/>\t\t\t\t\t\t\t\t\t\t\t\t\t\t\t<\/div>\n\t\t\t\t<\/div>\n\t\t\t\t\t<\/div>\n\t\t\t\t<\/div>\n\t\t<div class=\"elementor-element elementor-element-24b8f7f e-flex e-con-boxed e-con e-parent\" data-id=\"24b8f7f\" data-element_type=\"container\">\n\t\t\t\t\t<div class=\"e-con-inner\">\n\t\t\t\t<div class=\"elementor-element elementor-element-bd996b3 elementor-widget elementor-widget-heading\" data-id=\"bd996b3\" data-element_type=\"widget\" data-widget_type=\"heading.default\">\n\t\t\t\t<div class=\"elementor-widget-container\">\n\t\t\t\t\t<h2 class=\"elementor-heading-title elementor-size-default\">Cons\u00e9quences de la pollution<\/h2>\t\t\t\t<\/div>\n\t\t\t\t<\/div>\n\t\t\t\t\t<\/div>\n\t\t\t\t<\/div>\n\t\t<div class=\"elementor-element elementor-element-1810c23 e-flex e-con-boxed e-con e-parent\" data-id=\"1810c23\" data-element_type=\"container\">\n\t\t\t\t\t<div class=\"e-con-inner\">\n\t\t\t\t<div class=\"elementor-element elementor-element-127674d elementor-widget elementor-widget-text-editor\" data-id=\"127674d\" data-element_type=\"widget\" data-widget_type=\"text-editor.default\">\n\t\t\t\t<div class=\"elementor-widget-container\">\n\t\t\t\t\t\t\t\t\t<p>La pollution peut causer des maladies respiratoires, des allergies et d&rsquo;autres probl\u00e8mes de sant\u00e9. Elle nuit\u00a0 aussi \u00e0 la biodiversit\u00e9, et contribue au r\u00e9chauffement de la terre,\u00a0 aux inondations&#8230;<\/p>\t\t\t\t\t\t\t\t<\/div>\n\t\t\t\t<\/div>\n\t\t\t\t\t<\/div>\n\t\t\t\t<\/div>\n\t\t<div class=\"elementor-element elementor-element-41446d1 e-flex e-con-boxed e-con e-parent\" data-id=\"41446d1\" data-element_type=\"container\">\n\t\t\t\t\t<div class=\"e-con-inner\">\n\t\t\t\t<div class=\"elementor-element elementor-element-ae569f0 elementor-widget elementor-widget-heading\" data-id=\"ae569f0\" data-element_type=\"widget\" data-widget_type=\"heading.default\">\n\t\t\t\t<div class=\"elementor-widget-container\">\n\t\t\t\t\t<h2 class=\"elementor-heading-title elementor-size-default\">Comment prot\u00e9ger l'environnement\u00a0?<\/h2>\t\t\t\t<\/div>\n\t\t\t\t<\/div>\n\t\t\t\t\t<\/div>\n\t\t\t\t<\/div>\n\t\t<div class=\"elementor-element elementor-element-2bb52c3 e-flex e-con-boxed e-con e-parent\" data-id=\"2bb52c3\" data-element_type=\"container\">\n\t\t\t\t\t<div class=\"e-con-inner\">\n\t\t\t\t<div class=\"elementor-element elementor-element-8e48af6 elementor-widget elementor-widget-text-editor\" data-id=\"8e48af6\" data-element_type=\"widget\" data-widget_type=\"text-editor.default\">\n\t\t\t\t<div class=\"elementor-widget-container\">\n\t\t\t\t\t\t\t\t\t<p>R\u00e9duire, r\u00e9utiliser, recycler : Apprendre \u00e0 r\u00e9duire les d\u00e9chets, \u00e0 r\u00e9utiliser des objets et \u00e0 recycler les mat\u00e9riaux pour diminuer l&rsquo;impact sur l&rsquo;environnement.<\/p><p>\u00c9conomiser l&rsquo;eau et l&rsquo;\u00e9nergie : Adopter des gestes simples comme fermer le robinet pendant le brossage des dents ou \u00e9teindre les lumi\u00e8res en sortant d&rsquo;une pi\u00e8ce.<\/p><p>Participer \u00e0 des projets \u00e9cologiques : S&rsquo;engager dans des activit\u00e9s comme le nettoyage de parcs, la plantation d&rsquo;arbres ou la cr\u00e9ation de jardins scolaires.<\/p><p style=\"text-align: right;\"><strong>Par: Abderrahman Charifi.<\/strong><\/p>\t\t\t\t\t\t\t\t<\/div>\n\t\t\t\t<\/div>\n\t\t\t\t\t<\/div>\n\t\t\t\t<\/div>\n\t\t<div class=\"elementor-element elementor-element-4bb4e36 e-flex e-con-boxed e-con e-parent\" data-id=\"4bb4e36\" data-element_type=\"container\">\n\t\t\t\t\t<div class=\"e-con-inner\">\n\t\t<div class=\"elementor-element elementor-element-3b78ae4 e-con-full e-flex e-con e-child\" data-id=\"3b78ae4\" data-element_type=\"container\">\n\t\t\t\t<div class=\"elementor-element elementor-element-8c2698b elementor-widget elementor-widget-image\" data-id=\"8c2698b\" data-element_type=\"widget\" data-widget_type=\"image.default\">\n\t\t\t\t<div class=\"elementor-widget-container\">\n\t\t\t\t\t\t\t\t\t\t\t\t\t\t\t<img loading=\"lazy\" decoding=\"async\" width=\"300\" height=\"200\" src=\"https:\/\/e-mtiaz.com\/elkhattabi\/wp-content\/uploads\/2025\/01\/sources.jpg\" class=\"attachment-large size-large wp-image-469\" alt=\"\" \/>\t\t\t\t\t\t\t\t\t\t\t\t\t\t\t<\/div>\n\t\t\t\t<\/div>\n\t\t\t\t<\/div>\n\t\t<div class=\"elementor-element elementor-element-68b43e3 e-con-full e-flex e-con e-child\" data-id=\"68b43e3\" data-element_type=\"container\">\n\t\t\t\t<div class=\"elementor-element elementor-element-810db46 elementor-widget elementor-widget-image\" data-id=\"810db46\" data-element_type=\"widget\" data-widget_type=\"image.default\">\n\t\t\t\t<div class=\"elementor-widget-container\">\n\t\t\t\t\t\t\t\t\t\t\t\t\t\t\t<img loading=\"lazy\" decoding=\"async\" width=\"640\" height=\"640\" src=\"https:\/\/e-mtiaz.com\/elkhattabi\/wp-content\/uploads\/2025\/01\/science-et-vie-arbre-2024x2024.jpg\" class=\"attachment-large size-large wp-image-424\" alt=\"\" srcset=\"https:\/\/e-mtiaz.com\/elkhattabi\/wp-content\/uploads\/2025\/01\/science-et-vie-arbre-2024x2024.jpg 2024w, https:\/\/e-mtiaz.com\/elkhattabi\/wp-content\/uploads\/2025\/01\/science-et-vie-arbre-300x300.jpg 300w, https:\/\/e-mtiaz.com\/elkhattabi\/wp-content\/uploads\/2025\/01\/science-et-vie-arbre-150x150.jpg 150w, https:\/\/e-mtiaz.com\/elkhattabi\/wp-content\/uploads\/2025\/01\/science-et-vie-arbre-768x768.jpg 768w, https:\/\/e-mtiaz.com\/elkhattabi\/wp-content\/uploads\/2025\/01\/science-et-vie-arbre-1536x1536.jpg 1536w, https:\/\/e-mtiaz.com\/elkhattabi\/wp-content\/uploads\/2025\/01\/science-et-vie-arbre-2048x2048.jpg 2048w\" sizes=\"(max-width: 640px) 100vw, 640px\" \/>\t\t\t\t\t\t\t\t\t\t\t\t\t\t\t<\/div>\n\t\t\t\t<\/div>\n\t\t\t\t<\/div>\n\t\t<div class=\"elementor-element elementor-element-d2767b0 e-con-full e-flex e-con e-child\" data-id=\"d2767b0\" data-element_type=\"container\">\n\t\t\t\t<div class=\"elementor-element elementor-element-a17ef11 elementor-widget elementor-widget-heading\" data-id=\"a17ef11\" data-element_type=\"widget\" data-widget_type=\"heading.default\">\n\t\t\t\t<div class=\"elementor-widget-container\">\n\t\t\t\t\t<h2 class=\"elementor-heading-title elementor-size-default\">L'eau est indispensable \u00e0 la vie...<\/h2>\t\t\t\t<\/div>\n\t\t\t\t<\/div>\n\t\t\t\t<\/div>\n\t\t<div class=\"elementor-element elementor-element-06dcc77 e-con-full e-flex e-con e-child\" data-id=\"06dcc77\" data-element_type=\"container\">\n\t\t\t\t<div class=\"elementor-element elementor-element-e8591de elementor-widget elementor-widget-heading\" data-id=\"e8591de\" data-element_type=\"widget\" data-widget_type=\"heading.default\">\n\t\t\t\t<div class=\"elementor-widget-container\">\n\t\t\t\t\t<h2 class=\"elementor-heading-title elementor-size-default\">Les for\u00eats sont les poumons de la terre...<\/h2>\t\t\t\t<\/div>\n\t\t\t\t<\/div>\n\t\t\t\t<\/div>\n\t\t\t\t\t<\/div>\n\t\t\t\t<\/div>\n\t\t<div class=\"elementor-element elementor-element-21efff4 e-flex e-con-boxed e-con e-parent\" data-id=\"21efff4\" data-element_type=\"container\">\n\t\t\t\t\t<div class=\"e-con-inner\">\n\t\t\t\t<div class=\"elementor-element elementor-element-9a4f9c8 elementor-widget elementor-widget-heading\" data-id=\"9a4f9c8\" data-element_type=\"widget\" data-widget_type=\"heading.default\">\n\t\t\t\t<div class=\"elementor-widget-container\">\n\t\t\t\t\t<h2 class=\"elementor-heading-title elementor-size-default\">Pr\u00e9servons-les...<\/h2>\t\t\t\t<\/div>\n\t\t\t\t<\/div>\n\t\t\t\t\t<\/div>\n\t\t\t\t<\/div>\n\t\t<div class=\"elementor-element elementor-element-06e1736 e-flex e-con-boxed e-con e-parent\" data-id=\"06e1736\" data-element_type=\"container\">\n\t\t\t\t\t<div class=\"e-con-inner\">\n\t\t\t\t<div class=\"elementor-element elementor-element-de1d3f0 elementor-widget elementor-widget-image\" data-id=\"de1d3f0\" data-element_type=\"widget\" data-widget_type=\"image.default\">\n\t\t\t\t<div class=\"elementor-widget-container\">\n\t\t\t\t\t\t\t\t\t\t\t\t\t\t\t<img loading=\"lazy\" decoding=\"async\" width=\"640\" height=\"425\" src=\"https:\/\/e-mtiaz.com\/elkhattabi\/wp-content\/uploads\/2025\/01\/20250118_133544-2024x1344.jpg\" class=\"attachment-large size-large wp-image-357\" alt=\"\" srcset=\"https:\/\/e-mtiaz.com\/elkhattabi\/wp-content\/uploads\/2025\/01\/20250118_133544-2024x1344.jpg 2024w, https:\/\/e-mtiaz.com\/elkhattabi\/wp-content\/uploads\/2025\/01\/20250118_133544-300x199.jpg 300w, https:\/\/e-mtiaz.com\/elkhattabi\/wp-content\/uploads\/2025\/01\/20250118_133544-768x510.jpg 768w, https:\/\/e-mtiaz.com\/elkhattabi\/wp-content\/uploads\/2025\/01\/20250118_133544-1536x1020.jpg 1536w, https:\/\/e-mtiaz.com\/elkhattabi\/wp-content\/uploads\/2025\/01\/20250118_133544-2048x1360.jpg 2048w\" sizes=\"(max-width: 640px) 100vw, 640px\" \/>\t\t\t\t\t\t\t\t\t\t\t\t\t\t\t<\/div>\n\t\t\t\t<\/div>\n\t\t\t\t\t<\/div>\n\t\t\t\t<\/div>\n\t\t<div class=\"elementor-element elementor-element-d49f168 e-flex e-con-boxed e-con e-parent\" data-id=\"d49f168\" data-element_type=\"container\">\n\t\t\t\t\t<div class=\"e-con-inner\">\n\t\t\t\t<div class=\"elementor-element elementor-element-56c9cc1 elementor-widget elementor-widget-image\" data-id=\"56c9cc1\" data-element_type=\"widget\" data-widget_type=\"image.default\">\n\t\t\t\t<div class=\"elementor-widget-container\">\n\t\t\t\t\t\t\t\t\t\t\t\t\t\t\t<img loading=\"lazy\" decoding=\"async\" width=\"640\" height=\"485\" src=\"https:\/\/e-mtiaz.com\/elkhattabi\/wp-content\/uploads\/2025\/01\/20250124_111014-2024x1533.jpg\" class=\"attachment-large size-large wp-image-726\" alt=\"\" srcset=\"https:\/\/e-mtiaz.com\/elkhattabi\/wp-content\/uploads\/2025\/01\/20250124_111014-2024x1533.jpg 2024w, https:\/\/e-mtiaz.com\/elkhattabi\/wp-content\/uploads\/2025\/01\/20250124_111014-300x227.jpg 300w, https:\/\/e-mtiaz.com\/elkhattabi\/wp-content\/uploads\/2025\/01\/20250124_111014-768x582.jpg 768w, https:\/\/e-mtiaz.com\/elkhattabi\/wp-content\/uploads\/2025\/01\/20250124_111014-1536x1163.jpg 1536w, https:\/\/e-mtiaz.com\/elkhattabi\/wp-content\/uploads\/2025\/01\/20250124_111014-2048x1551.jpg 2048w\" sizes=\"(max-width: 640px) 100vw, 640px\" \/>\t\t\t\t\t\t\t\t\t\t\t\t\t\t\t<\/div>\n\t\t\t\t<\/div>\n\t\t\t\t\t<\/div>\n\t\t\t\t<\/div>\n\t\t<div class=\"elementor-element elementor-element-9dc660d e-flex e-con-boxed e-con e-parent\" data-id=\"9dc660d\" data-element_type=\"container\">\n\t\t\t\t\t<div class=\"e-con-inner\">\n\t\t\t\t<div class=\"elementor-element elementor-element-4c81dc4 elementor-widget elementor-widget-image\" data-id=\"4c81dc4\" data-element_type=\"widget\" data-widget_type=\"image.default\">\n\t\t\t\t<div class=\"elementor-widget-container\">\n\t\t\t\t\t\t\t\t\t\t\t\t\t\t\t<img loading=\"lazy\" decoding=\"async\" width=\"640\" height=\"424\" src=\"https:\/\/e-mtiaz.com\/elkhattabi\/wp-content\/uploads\/2025\/01\/20250131_211332-1-2024x1342.jpg\" class=\"attachment-large size-large wp-image-1043\" alt=\"\" srcset=\"https:\/\/e-mtiaz.com\/elkhattabi\/wp-content\/uploads\/2025\/01\/20250131_211332-1-2024x1342.jpg 2024w, https:\/\/e-mtiaz.com\/elkhattabi\/wp-content\/uploads\/2025\/01\/20250131_211332-1-300x199.jpg 300w, https:\/\/e-mtiaz.com\/elkhattabi\/wp-content\/uploads\/2025\/01\/20250131_211332-1-768x509.jpg 768w, https:\/\/e-mtiaz.com\/elkhattabi\/wp-content\/uploads\/2025\/01\/20250131_211332-1-1536x1019.jpg 1536w, https:\/\/e-mtiaz.com\/elkhattabi\/wp-content\/uploads\/2025\/01\/20250131_211332-1-2048x1358.jpg 2048w\" sizes=\"(max-width: 640px) 100vw, 640px\" \/>\t\t\t\t\t\t\t\t\t\t\t\t\t\t\t<\/div>\n\t\t\t\t<\/div>\n\t\t\t\t\t<\/div>\n\t\t\t\t<\/div>\n\t\t<div class=\"elementor-element elementor-element-0dea173 e-flex e-con-boxed e-con e-parent\" data-id=\"0dea173\" data-element_type=\"container\">\n\t\t\t\t\t<div class=\"e-con-inner\">\n\t\t\t\t<div class=\"elementor-element elementor-element-8c19797 elementor-widget elementor-widget-image\" data-id=\"8c19797\" data-element_type=\"widget\" data-widget_type=\"image.default\">\n\t\t\t\t<div class=\"elementor-widget-container\">\n\t\t\t\t\t\t\t\t\t\t\t\t\t\t\t<img loading=\"lazy\" decoding=\"async\" width=\"640\" height=\"476\" src=\"https:\/\/e-mtiaz.com\/elkhattabi\/wp-content\/uploads\/2025\/01\/CamScanner-21-01-2025-12.35-2024x1504.jpg\" class=\"attachment-large size-large wp-image-764\" alt=\"\" srcset=\"https:\/\/e-mtiaz.com\/elkhattabi\/wp-content\/uploads\/2025\/01\/CamScanner-21-01-2025-12.35-2024x1504.jpg 2024w, https:\/\/e-mtiaz.com\/elkhattabi\/wp-content\/uploads\/2025\/01\/CamScanner-21-01-2025-12.35-300x223.jpg 300w, https:\/\/e-mtiaz.com\/elkhattabi\/wp-content\/uploads\/2025\/01\/CamScanner-21-01-2025-12.35-768x571.jpg 768w, https:\/\/e-mtiaz.com\/elkhattabi\/wp-content\/uploads\/2025\/01\/CamScanner-21-01-2025-12.35-1536x1141.jpg 1536w, https:\/\/e-mtiaz.com\/elkhattabi\/wp-content\/uploads\/2025\/01\/CamScanner-21-01-2025-12.35-2048x1522.jpg 2048w\" sizes=\"(max-width: 640px) 100vw, 640px\" \/>\t\t\t\t\t\t\t\t\t\t\t\t\t\t\t<\/div>\n\t\t\t\t<\/div>\n\t\t\t\t\t<\/div>\n\t\t\t\t<\/div>\n\t\t\t\t<\/div>\n\t\t","protected":false},"excerpt":{"rendered":"<p>L&rsquo;environnement, c&rsquo;est quoi ? L&rsquo;environnement est tout ce qui nous entoure : l&rsquo;air, l&rsquo;eau, la terre, les plantes, les animaux et m\u00eame les \u00eatres humains.\u00a0 La pollution ? La pollution est la contamination de l&rsquo;air, de l&rsquo;eau et des sols par des substances nocives. Elle peut provenir de diverses sources, comme les usines, les voitures, [&hellip;]<\/p>\n","protected":false},"author":1,"featured_media":0,"parent":0,"menu_order":0,"comment_status":"closed","ping_status":"closed","template":"","meta":{"footnotes":""},"class_list":["post-20","page","type-page","status-publish","hentry"],"_links":{"self":[{"href":"https:\/\/e-mtiaz.com\/elkhattabi\/wp-json\/wp\/v2\/pages\/20","targetHints":{"allow":["GET"]}}],"collection":[{"href":"https:\/\/e-mtiaz.com\/elkhattabi\/wp-json\/wp\/v2\/pages"}],"about":[{"href":"https:\/\/e-mtiaz.com\/elkhattabi\/wp-json\/wp\/v2\/types\/page"}],"author":[{"embeddable":true,"href":"https:\/\/e-mtiaz.com\/elkhattabi\/wp-json\/wp\/v2\/users\/1"}],"replies":[{"embeddable":true,"href":"https:\/\/e-mtiaz.com\/elkhattabi\/wp-json\/wp\/v2\/comments?post=20"}],"version-history":[{"count":124,"href":"https:\/\/e-mtiaz.com\/elkhattabi\/wp-json\/wp\/v2\/pages\/20\/revisions"}],"predecessor-version":[{"id":1054,"href":"https:\/\/e-mtiaz.com\/elkhattabi\/wp-json\/wp\/v2\/pages\/20\/revisions\/1054"}],"wp:attachment":[{"href":"https:\/\/e-mtiaz.com\/elkhattabi\/wp-json\/wp\/v2\/media?parent=20"}],"curies":[{"name":"wp","href":"https:\/\/api.w.org\/{rel}","templated":true}]}}